{"id":47,"date":"2026-01-22T20:35:12","date_gmt":"2026-01-22T20:35:12","guid":{"rendered":"http:\/\/losfogonesdeelaia.com\/?page_id=47"},"modified":"2026-01-28T15:04:27","modified_gmt":"2026-01-28T15:04:27","slug":"accesibilidad","status":"publish","type":"page","link":"https:\/\/losfogonesdeelaia.com\/index.php\/accesibilidad\/","title":{"rendered":"Accesibilidad"},"content":{"rendered":"\n<p><strong>Los Fogones de Elaia<\/strong> se ha comprometido a hacer accesible su sitio web, de conformidad con el <strong>Real Decreto 1112\/2018, de 7 de septiembre<\/strong>, sobre accesibilidad de los sitios web y aplicaciones para dispositivos m\u00f3viles del sector p\u00fablico, o desarrollos financiados desde Europa.<\/p>\n\n\n\n<p>La presente declaraci\u00f3n de accesibilidad se aplica al sitio web:<br><strong><a href=\"https:\/\/losfogonesdeelaia.com\">https:\/\/losfogonesdeelaia.com<\/a><\/strong><\/p>\n\n\n\n<hr class=\"wp-block-separator has-alpha-channel-opacity\"\/>\n\n\n\n<h2 class=\"wp-block-heading\">Situaci\u00f3n de cumplimiento<\/h2>\n\n\n\n<p>Este sitio web es <strong>parcialmente conforme<\/strong> con el RD 1112\/2018 debido a la falta de conformidad de los aspectos que se indican a continuaci\u00f3n.<\/p>\n\n\n\n<hr class=\"wp-block-separator has-alpha-channel-opacity\"\/>\n\n\n\n<h2 class=\"wp-block-heading\">Contenido no accesible<\/h2>\n\n\n\n<p>El contenido que se recoge a continuaci\u00f3n no es accesible por los siguientes motivos:<\/p>\n\n\n\n<h3 class=\"wp-block-heading\">Falta de conformidad:<\/h3>\n\n\n\n<ul class=\"wp-block-list\">\n<li>Puede existir alguna alternativa textual que no sea correcta \u2013 <strong>Requisito 9.1.1.1 Contenido no textual<\/strong> de la norma UNE-EN 301549:2022.<\/li>\n\n\n\n<li>Pueden existir algunos enlaces cuya funci\u00f3n u objetivo no est\u00e9n correctamente definidos \u2013 <strong>Requisito 9.2.4.4 Prop\u00f3sito de los enlaces<\/strong> de la norma UNE-EN 301549:2022.<\/li>\n\n\n\n<li>Podr\u00edan existir fallos puntuales de edici\u00f3n en alguna p\u00e1gina del sitio web.<\/li>\n<\/ul>\n\n\n\n<h3 class=\"wp-block-heading\">Carga desproporcionada:<\/h3>\n\n\n\n<p>No resulta aplicable.<\/p>\n\n\n\n<h3 class=\"wp-block-heading\">Contenido fuera del \u00e1mbito de la legislaci\u00f3n aplicable:<\/h3>\n\n\n\n<ul class=\"wp-block-list\">\n<li>Puede haber contenidos de terceros que no est\u00e9n desarrollados por <strong>Los Fogones de Elaia<\/strong>, ni bajo su control, como archivos o recursos externos que deban publicarse en este sitio web.<\/li>\n<\/ul>\n\n\n\n<hr class=\"wp-block-separator has-alpha-channel-opacity\"\/>\n\n\n\n<p>Si quieres, en el siguiente mensaje puedo:<\/p>\n\n\n\n<ul class=\"wp-block-list\">\n<li>Ajustarlo para que quede <strong>a\u00fan m\u00e1s sencillo<\/strong><\/li>\n\n\n\n<li>Revisarte <strong>Privacidad + Cookies + Accesibilidad<\/strong> como pack final<\/li>\n\n\n\n<li>Adaptarlo si el dominio cambia o si lo quieres firmar como persona f\u00edsica o nombre comercial<\/li>\n<\/ul>\n","protected":false},"excerpt":{"rendered":"<p>Los Fogones de Elaia se ha comprometido a hacer accesible su sitio web, de conformidad con el Real Decreto 1112\/2018, [&hellip;]<\/p>\n","protected":false},"author":1,"featured_media":0,"parent":0,"menu_order":0,"comment_status":"closed","ping_status":"closed","template":"","meta":{"_uag_custom_page_level_css":"","site-sidebar-layout":"default","site-content-layout":"","ast-site-content-layout":"default","site-content-style":"default","site-sidebar-style":"default","ast-global-header-display":"","ast-banner-title-visibility":"","ast-main-header-display":"","ast-hfb-above-header-display":"","ast-hfb-below-header-display":"","ast-hfb-mobile-header-display":"","site-post-title":"","ast-breadcrumbs-content":"","ast-featured-img":"","footer-sml-layout":"","ast-disable-related-posts":"","theme-transparent-header-meta":"","adv-header-id-meta":"","stick-header-meta":"","header-above-stick-meta":"","header-main-stick-meta":"","header-below-stick-meta":"","astra-migrate-meta-layouts":"default","ast-page-background-enabled":"default","ast-page-background-meta":{"desktop":{"background-color":"var(--ast-global-color-5)","background-image":"","background-repeat":"repeat","background-position":"center center","background-size":"auto","background-attachment":"scroll","background-type":"","background-media":"","overlay-type":"","overlay-color":"","overlay-opacity":"","overlay-gradient":""},"tablet":{"background-color":"","background-image":"","background-repeat":"repeat","background-position":"center center","background-size":"auto","background-attachment":"scroll","background-type":"","background-media":"","overlay-type":"","overlay-color":"","overlay-opacity":"","overlay-gradient":""},"mobile":{"background-color":"","background-image":"","background-repeat":"repeat","background-position":"center center","background-size":"auto","background-attachment":"scroll","background-type":"","background-media":"","overlay-type":"","overlay-color":"","overlay-opacity":"","overlay-gradient":""}},"ast-content-background-meta":{"desktop":{"background-color":"var(--ast-global-color-4)","background-image":"","background-repeat":"repeat","background-position":"center center","background-size":"auto","background-attachment":"scroll","background-type":"","background-media":"","overlay-type":"","overlay-color":"","overlay-opacity":"","overlay-gradient":""},"tablet":{"background-color":"var(--ast-global-color-4)","background-image":"","background-repeat":"repeat","background-position":"center center","background-size":"auto","background-attachment":"scroll","background-type":"","background-media":"","overlay-type":"","overlay-color":"","overlay-opacity":"","overlay-gradient":""},"mobile":{"background-color":"var(--ast-global-color-4)","background-image":"","background-repeat":"repeat","background-position":"center center","background-size":"auto","background-attachment":"scroll","background-type":"","background-media":"","overlay-type":"","overlay-color":"","overlay-opacity":"","overlay-gradient":""}},"footnotes":""},"class_list":["post-47","page","type-page","status-publish","hentry"],"uagb_featured_image_src":{"full":false,"thumbnail":false,"medium":false,"medium_large":false,"large":false,"1536x1536":false,"2048x2048":false},"uagb_author_info":{"display_name":"admin","author_link":"https:\/\/losfogonesdeelaia.com\/index.php\/author\/admin\/"},"uagb_comment_info":0,"uagb_excerpt":"Los Fogones de Elaia se ha comprometido a hacer accesible su sitio web, de conformidad con el Real Decreto 1112\/2018, [&hellip;]","_links":{"self":[{"href":"https:\/\/losfogonesdeelaia.com\/index.php\/wp-json\/wp\/v2\/pages\/47","targetHints":{"allow":["GET"]}}],"collection":[{"href":"https:\/\/losfogonesdeelaia.com\/index.php\/wp-json\/wp\/v2\/pages"}],"about":[{"href":"https:\/\/losfogonesdeelaia.com\/index.php\/wp-json\/wp\/v2\/types\/page"}],"author":[{"embeddable":true,"href":"https:\/\/losfogonesdeelaia.com\/index.php\/wp-json\/wp\/v2\/users\/1"}],"replies":[{"embeddable":true,"href":"https:\/\/losfogonesdeelaia.com\/index.php\/wp-json\/wp\/v2\/comments?post=47"}],"version-history":[{"count":2,"href":"https:\/\/losfogonesdeelaia.com\/index.php\/wp-json\/wp\/v2\/pages\/47\/revisions"}],"predecessor-version":[{"id":204,"href":"https:\/\/losfogonesdeelaia.com\/index.php\/wp-json\/wp\/v2\/pages\/47\/revisions\/204"}],"wp:attachment":[{"href":"https:\/\/losfogonesdeelaia.com\/index.php\/wp-json\/wp\/v2\/media?parent=47"}],"curies":[{"name":"wp","href":"https:\/\/api.w.org\/{rel}","templated":true}]}}